{"id":3485,"date":"2024-01-09T09:13:56","date_gmt":"2024-01-09T08:13:56","guid":{"rendered":"https:\/\/fiberracing.fr\/?post_type=product&#038;p=3485"},"modified":"2025-05-02T10:28:52","modified_gmt":"2025-05-02T08:28:52","slug":"fiber-breeding","status":"publish","type":"product","link":"https:\/\/fiberracing.fr\/index.php\/produit\/fiber-breeding\/","title":{"rendered":"FIBER BREEDING"},"content":{"rendered":"<ul>\n<li><span class=\"OYPEnA text-decoration-none text-strikethrough-none\">Pour les chevaux sur liti\u00e8re de paille, assurez-vous de fournir au moins 1,2 kg de foin pour chaque tranche de 100 kg de poids corporel.<\/span><\/li>\n<li><span class=\"OYPEnA text-decoration-none text-strikethrough-none\">Pour les chevaux sur liti\u00e8re de copeaux, augmentez la quantit\u00e9 de foin \u00e0 moins<\/span> <span class=\"OYPEnA text-decoration-none text-strikethrough-none\">1,5 kg par tranche de 100 kg de poids corporel.<\/span><\/li>\n<li><span class=\"OYPEnA text-decoration-none text-strikethrough-none\">Veillez \u00e0 laisser \u00e0 leur disposition une pierre \u00e0 sel en libre-service, ainsi qu&rsquo;un acc\u00e8s illimit\u00e9 \u00e0 de l&rsquo;eau propre.<\/span><\/li>\n<li><span class=\"OYPEnA text-decoration-none text-strikethrough-none\">Id\u00e9alement, r\u00e9partissez la ration quotidienne en au moins trois repas \u00e9quilibr\u00e9s pour une alimentation optimale.<\/span><\/li>\n<\/ul>\n<p>&nbsp;<\/p>\n","protected":false},"excerpt":{"rendered":"<h6 class=\"cvGsUA direction-ltr align-start para-style-body\"><span style=\"font-weight: 400;\">EXCELLENT COMPROMIS POUR COUVRIR LES BESOINS DE LA JUMENT ET CEUX DE SON POULAIN<\/span><\/h6>\n<p class=\"cvGsUA direction-ltr align-start para-style-body\"><span style=\"font-weight: 400;\">Les quantit\u00e9s distribu\u00e9es sont \u00e0 ajuster en fonction de la masse, de l\u2019\u00e9tat corporel, de l\u2019\u00e2ge, de l\u2019activit\u00e9 et de la race du cheval, ainsi qu\u2019en fonction de la nature, de la quantit\u00e9 et de la qualit\u00e9 du fourrage \u00e0 disposition.<\/span><\/p>\n[mkdf_button size=\"\" type=\"simple\" text=\"T\u00e9l\u00e9charger la fiche technique\" custom_class=\"\" icon_pack=\"font_awesome\" fa_icon=\"fa fa-download\" link=\"https:\/\/fiberracing.fr\/wp-content\/uploads\/2025\/05\/Fiche-technique_fiber-breeding_VF.pdf\" target=\"_blank\" color=\"#ffffff\" hover_color=\"#03FF00\" background_color=\"\" hover_background_color=\"\" border_color=\"\" hover_border_color=\"\" font_size=\"\" font_weight=\"\" margin=\"\"]\n<p>&nbsp;<\/p>\n","protected":false},"featured_media":3749,"template":"","meta":{"content-type":""},"product_brand":[],"product_cat":[84],"product_tag":[],"class_list":{"0":"post-3485","1":"product","2":"type-product","3":"status-publish","4":"has-post-thumbnail","6":"product_cat-prix-degressifs-des-5t","8":"first","9":"instock","10":"taxable","11":"shipping-taxable","12":"purchasable","13":"product-type-variable"},"_links":{"self":[{"href":"https:\/\/fiberracing.fr\/index.php\/wp-json\/wp\/v2\/product\/3485","targetHints":{"allow":["GET"]}}],"collection":[{"href":"https:\/\/fiberracing.fr\/index.php\/wp-json\/wp\/v2\/product"}],"about":[{"href":"https:\/\/fiberracing.fr\/index.php\/wp-json\/wp\/v2\/types\/product"}],"wp:featuredmedia":[{"embeddable":true,"href":"https:\/\/fiberracing.fr\/index.php\/wp-json\/wp\/v2\/media\/3749"}],"wp:attachment":[{"href":"https:\/\/fiberracing.fr\/index.php\/wp-json\/wp\/v2\/media?parent=3485"}],"wp:term":[{"taxonomy":"product_brand","embeddable":true,"href":"https:\/\/fiberracing.fr\/index.php\/wp-json\/wp\/v2\/product_brand?post=3485"},{"taxonomy":"product_cat","embeddable":true,"href":"https:\/\/fiberracing.fr\/index.php\/wp-json\/wp\/v2\/product_cat?post=3485"},{"taxonomy":"product_tag","embeddable":true,"href":"https:\/\/fiberracing.fr\/index.php\/wp-json\/wp\/v2\/product_tag?post=3485"}],"curies":[{"name":"wp","href":"https:\/\/api.w.org\/{rel}","templated":true}]}}