{"id":2802,"date":"2023-11-24T11:39:49","date_gmt":"2023-11-24T10:39:49","guid":{"rendered":"https:\/\/fiberracing.fr\/?post_type=product&#038;p=2802"},"modified":"2025-05-02T10:25:37","modified_gmt":"2025-05-02T08:25:37","slug":"fiber-low-starch","status":"publish","type":"product","link":"https:\/\/fiberracing.fr\/index.php\/produit\/fiber-low-starch\/","title":{"rendered":"FIBER LOW STARCH"},"content":{"rendered":"<ul>\n<li><span style=\"font-weight: 400;\">Pour les chevaux sur liti\u00e8re paille, assurez- vous que le cheval dispose d\u2019au moins 1,2kg de foin pour 100kg de poids vif.<\/span><\/li>\n<li><span style=\"font-weight: 400;\">Pour les chevaux sur liti\u00e8re copeaux, assurez-vous que le cheval dispose d\u2019au moins 1,5kg de foin pour 100kg de poids vif.<\/span><\/li>\n<li><span style=\"font-weight: 400;\">Veillez \u00e0 laisser une pierre \u00e0 sel et de l\u2019eau propre et temp\u00e9r\u00e9e en acc\u00e8s libre.<\/span><\/li>\n<li><span style=\"font-weight: 400;\">Id\u00e9alement, r\u00e9partissez la ration quotidienne en 3 repas \u00e9quilibr\u00e9s<\/span><\/li>\n<\/ul>\n","protected":false},"excerpt":{"rendered":"<h6 class=\"cvGsUA direction-ltr align-start para-style-body\">Tr\u00e8s faible quantit\u00e9 d&rsquo;amidon, id\u00e9al pour chevaux \u00e0 digestion difficile.<\/h6>\n<p class=\"cvGsUA direction-ltr align-start para-style-body\"><span style=\"font-weight: 400;\">Les quantit\u00e9s distribu\u00e9es sont \u00e0 ajuster en fonction de la masse, de l\u2019\u00e9tat corporel, de l\u2019\u00e2ge, de l\u2019activit\u00e9 et de la race du cheval, ainsi qu\u2019en fonction de la nature, de la quantit\u00e9 et de la qualit\u00e9 du fourrage \u00e0 disposition.<\/span><\/p>\n[mkdf_button size=\"\" type=\"simple\" text=\"T\u00e9l\u00e9charger la fiche technique\" custom_class=\"\" icon_pack=\"font_awesome\" fa_icon=\"fa fa-download\" link=\"https:\/\/fiberracing.fr\/wp-content\/uploads\/2025\/05\/Fiche-technique_fiber-low-starch_VF.pdf\" target=\"_blank\" color=\"#ffffff\" hover_color=\"#03FF00\" background_color=\"\" hover_background_color=\"\" border_color=\"\" hover_border_color=\"\" font_size=\"\" font_weight=\"\" margin=\"\"]\n","protected":false},"featured_media":3558,"template":"","meta":{"content-type":""},"product_brand":[],"product_cat":[84],"product_tag":[],"class_list":{"0":"post-2802","1":"product","2":"type-product","3":"status-publish","4":"has-post-thumbnail","6":"product_cat-prix-degressifs-des-5t","8":"first","9":"instock","10":"taxable","11":"shipping-taxable","12":"purchasable","13":"product-type-variable"},"_links":{"self":[{"href":"https:\/\/fiberracing.fr\/index.php\/wp-json\/wp\/v2\/product\/2802","targetHints":{"allow":["GET"]}}],"collection":[{"href":"https:\/\/fiberracing.fr\/index.php\/wp-json\/wp\/v2\/product"}],"about":[{"href":"https:\/\/fiberracing.fr\/index.php\/wp-json\/wp\/v2\/types\/product"}],"wp:featuredmedia":[{"embeddable":true,"href":"https:\/\/fiberracing.fr\/index.php\/wp-json\/wp\/v2\/media\/3558"}],"wp:attachment":[{"href":"https:\/\/fiberracing.fr\/index.php\/wp-json\/wp\/v2\/media?parent=2802"}],"wp:term":[{"taxonomy":"product_brand","embeddable":true,"href":"https:\/\/fiberracing.fr\/index.php\/wp-json\/wp\/v2\/product_brand?post=2802"},{"taxonomy":"product_cat","embeddable":true,"href":"https:\/\/fiberracing.fr\/index.php\/wp-json\/wp\/v2\/product_cat?post=2802"},{"taxonomy":"product_tag","embeddable":true,"href":"https:\/\/fiberracing.fr\/index.php\/wp-json\/wp\/v2\/product_tag?post=2802"}],"curies":[{"name":"wp","href":"https:\/\/api.w.org\/{rel}","templated":true}]}}